{"id":1440,"date":"2021-11-30T23:32:36","date_gmt":"2021-11-30T23:32:36","guid":{"rendered":"https:\/\/costaricatraveland.com\/?page_id=1440"},"modified":"2025-11-13T01:04:51","modified_gmt":"2025-11-13T01:04:51","slug":"terminos-y-condiciones","status":"publish","type":"page","link":"https:\/\/costaricatraveland.com\/es\/terminos-y-condiciones\/","title":{"rendered":"T\u00e9rminos y Condiciones de Traveland | Reservas Confiables"},"content":{"rendered":"\t\t<div data-elementor-type=\"wp-page\" data-elementor-id=\"1440\" class=\"elementor elementor-1440\" data-elementor-post-type=\"page\">\n\t\t\t\t\t\t<section class=\"elementor-section elementor-top-section elementor-element elementor-element-fc4d354 elementor-section-height-min-height elementor-section-boxed elementor-section-height-default elementor-section-items-middle\" data-id=\"fc4d354\" data-element_type=\"section\" data-settings=\"{&quot;background_background&quot;:&quot;classic&quot;,&quot;shape_divider_bottom&quot;:&quot;tilt&quot;}\">\n\t\t\t\t\t\t\t<div class=\"elementor-background-overlay\"><\/div>\n\t\t\t\t\t\t<div class=\"elementor-shape elementor-shape-bottom\" aria-hidden=\"true\" data-negative=\"false\">\n\t\t\t<svg xmlns=\"http:\/\/www.w3.org\/2000\/svg\" viewBox=\"0 0 1000 100\" preserveAspectRatio=\"none\">\n\t<path class=\"elementor-shape-fill\" d=\"M0,6V0h1000v100L0,6z\"\/>\n<\/svg>\t\t<\/div>\n\t\t\t\t\t<div class=\"elementor-container elementor-column-gap-default\">\n\t\t\t\t\t<div class=\"elementor-column elementor-col-100 elementor-top-column elementor-element elementor-element-9449bdf\" data-id=\"9449bdf\" data-element_type=\"column\">\n\t\t\t<div class=\"elementor-widget-wrap elementor-element-populated\">\n\t\t\t\t\t\t<div class=\"elementor-element elementor-element-4b544e4 elementor-invisible elementor-widget elementor-widget-heading\" data-id=\"4b544e4\" data-element_type=\"widget\" data-settings=\"{&quot;motion_fx_motion_fx_scrolling&quot;:&quot;yes&quot;,&quot;motion_fx_blur_effect&quot;:&quot;yes&quot;,&quot;motion_fx_blur_direction&quot;:&quot;in-out&quot;,&quot;motion_fx_blur_range&quot;:{&quot;unit&quot;:&quot;%&quot;,&quot;size&quot;:&quot;&quot;,&quot;sizes&quot;:{&quot;start&quot;:75,&quot;end&quot;:100}},&quot;_animation&quot;:&quot;fadeIn&quot;,&quot;motion_fx_blur_level&quot;:{&quot;unit&quot;:&quot;px&quot;,&quot;size&quot;:7,&quot;sizes&quot;:[]},&quot;motion_fx_devices&quot;:[&quot;desktop&quot;,&quot;tablet&quot;,&quot;mobile&quot;]}\" data-widget_type=\"heading.default\">\n\t\t\t\t<div class=\"elementor-widget-container\">\n\t\t\t\t\t<h2 class=\"elementor-heading-title elementor-size-default\">T\u00e9rminos y Condiciones de Traveland | Reservas Confiables<\/h2>\t\t\t\t<\/div>\n\t\t\t\t<\/div>\n\t\t\t\t\t<\/div>\n\t\t<\/div>\n\t\t\t\t\t<\/div>\n\t\t<\/section>\n\t\t\t\t<section class=\"elementor-section elementor-top-section elementor-element elementor-element-fcfa464 elementor-section-boxed elementor-section-height-default elementor-section-height-default\" data-id=\"fcfa464\" data-element_type=\"section\">\n\t\t\t\t\t\t<div class=\"elementor-container elementor-column-gap-default\">\n\t\t\t\t\t<div class=\"elementor-column elementor-col-100 elementor-top-column elementor-element elementor-element-5482c9c\" data-id=\"5482c9c\" data-element_type=\"column\">\n\t\t\t<div class=\"elementor-widget-wrap elementor-element-populated\">\n\t\t\t\t\t\t<div class=\"elementor-element elementor-element-dba828e elementor-widget elementor-widget-text-editor\" data-id=\"dba828e\" data-element_type=\"widget\" data-widget_type=\"text-editor.default\">\n\t\t\t\t<div class=\"elementor-widget-container\">\n\t\t\t\t\t\t\t\t\t<h1><strong>Pol\u00edtica de pagos y cancelaciones:<\/strong><\/h1><p>Podemos aceptar un dep\u00f3sito del 10% para reservar su viaje y el resto 45 d\u00edas antes de la llegada mediante tarjeta de cr\u00e9dito o transferencia bancaria.<\/p><p>Los dep\u00f3sitos no son reembolsables, pero pueden aplicarse a un viaje futuro en caso de cancelaci\u00f3n. Si el cliente cancela su reserva 45 d\u00edas o m\u00e1s antes del 1er d\u00eda de viaje, se le reembolsar\u00e1 el 10% del precio del paquete (45-30 d\u00edas = 50%, 30-15 d\u00edas = 25%, menos de 15 d\u00edas = sin reembolso). Las partes del itinerario que no se presenten o no se utilicen no son reembolsables.<\/p><p> <\/p><h1><strong>Descargo de responsabilidad:<\/strong><\/h1><p>La informaci\u00f3n de nuestro sitio web y los datos que encontrar\u00e1 se han recopilado con cuidado y se facilitan de buena fe. Sin embargo, est\u00e1 sujeta a cambios y no forma parte del contrato entre el cliente y Traveland Costa Rica. Si hay alg\u00fan cambio debido a mejoras de viajeros anteriores, comentarios y nuestra propia investigaci\u00f3n, haremos ajustes, pero siempre garantizamos que recibir\u00e1 lo que ha pagado. Nuestro objetivo es ofrecerle la mejor experiencia posible. Nuestra intenci\u00f3n es ce\u00f1irnos a las rutas descritas, pero existe cierta flexibilidad en los itinerarios y, en ocasiones, puede ser necesario o conveniente realizar modificaciones. Los itinerarios son breves, ya que nunca sabemos exactamente ad\u00f3nde nos llevar\u00e1 nuestro viaje. Debido a nuestro estilo de viajar y a las regiones que visitamos, los viajes pueden ser imprevisibles. La informaci\u00f3n que figura en nuestro sitio web es una gu\u00eda general del viaje y de la regi\u00f3n, y cualquier menci\u00f3n de destinos o fauna espec\u00edficos no garantiza en modo alguno que vayan a visitarse o encontrarse. Los viajes de expedici\u00f3n a bordo y las visitas a estaciones de investigaci\u00f3n dependen del permiso final. Adem\u00e1s, los tiempos de viaje indicados son aproximados y est\u00e1n sujetos a cambios debidos a circunstancias locales. Traveland Costa Rica mantiene comunicaci\u00f3n con nuestros proveedores (socios) y se asegura de llevar siempre la informaci\u00f3n m\u00e1s actualizada sobre ellos. Tambi\u00e9n realizamos visitas e inspecciones frecuentes para asegurarnos de que el servicio prestado es el que queremos ofrecerle. Traveland Costa Rica y todos los proveedores (socios) cuentan con un seguro de responsabilidad civil. La mayor\u00eda de los gu\u00edas y conductores est\u00e1n formados en primeros auxilios\/RCP en caso de emergencia. No obstante, le recomendamos encarecidamente que tenga su propio seguro de viaje con una compa\u00f1\u00eda acreditada antes de venir a nuestro pa\u00eds. Traveland Costa Rica no asume ninguna responsabilidad por lesiones, p\u00e9rdidas o da\u00f1os a personas o propiedades en conexi\u00f3n con cualquier servicio que resulte directamente de actos de la naturaleza, huelgas, disturbios civiles, restricciones o regulaciones gubernamentales, discrepancias o cambios en el tr\u00e1nsito.<\/p><p> <\/p><p>Relacionados con los servicios que comercializamos:<\/p><p> <\/p><h3>Excursiones y actividades:<\/h3><p>Estamos orgullosos de asociarnos con los mejores Tour Operadores de Costa Rica. Hemos buscado a los pioneros, a los que ofrecen las mejores actividades, y hemos reunido para ti a los proveedores m\u00e1s divertidos, seguros, profesionales y responsables.<\/p><p> <\/p><h3>Transporte y traslados:<\/h3><p>Las empresas de transporte que utilizamos tienen licencia y experiencia. Podemos organizar los siguientes tipos de traslados: Lanzaderas compartidas, Minibuses privados, Autobuses, Coches de alquiler y Barcos. Tambi\u00e9n vuelos nacionales dentro del pa\u00eds.<\/p><p> <\/p><h3>Alojamiento:<\/h3><p>Con tantas opciones diferentes de alojamiento en Costa Rica, podemos ofrecer opciones desde Hostales, Hoteles y Todo Incluido. Costa Rica es un pa\u00eds en v\u00edas de desarrollo, por lo que agradecemos su paciencia y comprensi\u00f3n en caso de que se produzca alg\u00fan incidente, como falta de agua caliente o cortes de electricidad.<\/p><p> <\/p><h3>Nuestro servicio de agencia de viajes:<\/h3><p>Es un placer para nosotros ofrecerle un servicio de la m\u00e1s alta calidad a lo largo de su experiencia con nosotros. Perm\u00edtanos ayudarle a planificar su viaje a Costa Rica. Viaje con cuidado y disfrute.<\/p>\t\t\t\t\t\t\t\t<\/div>\n\t\t\t\t<\/div>\n\t\t\t\t\t<\/div>\n\t\t<\/div>\n\t\t\t\t\t<\/div>\n\t\t<\/section>\n\t\t\t\t<section class=\"elementor-section elementor-top-section elementor-element elementor-element-345683f elementor-section-full_width planyourtripcontainer elementor-section-height-min-height elementor-section-height-default elementor-section-items-middle\" data-id=\"345683f\" data-element_type=\"section\" data-settings=\"{&quot;background_background&quot;:&quot;classic&quot;,&quot;shape_divider_top&quot;:&quot;opacity-tilt&quot;,&quot;shape_divider_bottom&quot;:&quot;opacity-tilt&quot;}\">\n\t\t\t\t\t<div class=\"elementor-shape elementor-shape-top\" aria-hidden=\"true\" data-negative=\"false\">\n\t\t\t<svg xmlns=\"http:\/\/www.w3.org\/2000\/svg\" viewBox=\"0 0 2600 131.1\" preserveAspectRatio=\"none\">\n\t<path class=\"elementor-shape-fill\" d=\"M0 0L2600 0 2600 69.1 0 0z\"\/>\n\t<path class=\"elementor-shape-fill\" style=\"opacity:0.5\" d=\"M0 0L2600 0 2600 69.1 0 69.1z\"\/>\n\t<path class=\"elementor-shape-fill\" style=\"opacity:0.25\" d=\"M2600 0L0 0 0 130.1 2600 69.1z\"\/>\n<\/svg>\t\t<\/div>\n\t\t\t\t<div class=\"elementor-shape elementor-shape-bottom\" aria-hidden=\"true\" data-negative=\"false\">\n\t\t\t<svg xmlns=\"http:\/\/www.w3.org\/2000\/svg\" viewBox=\"0 0 2600 131.1\" preserveAspectRatio=\"none\">\n\t<path class=\"elementor-shape-fill\" d=\"M0 0L2600 0 2600 69.1 0 0z\"\/>\n\t<path class=\"elementor-shape-fill\" style=\"opacity:0.5\" d=\"M0 0L2600 0 2600 69.1 0 69.1z\"\/>\n\t<path class=\"elementor-shape-fill\" style=\"opacity:0.25\" d=\"M2600 0L0 0 0 130.1 2600 69.1z\"\/>\n<\/svg>\t\t<\/div>\n\t\t\t\t\t<div class=\"elementor-container elementor-column-gap-default\">\n\t\t\t\t\t<div class=\"elementor-column elementor-col-100 elementor-top-column elementor-element elementor-element-7d45b66\" data-id=\"7d45b66\" data-element_type=\"column\">\n\t\t\t<div class=\"elementor-widget-wrap elementor-element-populated\">\n\t\t\t\t\t\t<div class=\"elementor-element elementor-element-4676f0c elementor-cta--skin-cover elementor-bg-transform elementor-bg-transform-zoom-out elementor-animated-content elementor-widget elementor-widget-call-to-action\" data-id=\"4676f0c\" data-element_type=\"widget\" data-widget_type=\"call-to-action.default\">\n\t\t\t\t<div class=\"elementor-widget-container\">\n\t\t\t\t\t\t\t<div class=\"elementor-cta\">\n\t\t\t\t\t<div class=\"elementor-cta__bg-wrapper\">\n\t\t\t\t<div class=\"elementor-cta__bg elementor-bg\" style=\"background-image: url(https:\/\/costaricatraveland.com\/wp-content\/uploads\/2021\/09\/Surfing-at-Santa-Teresa-1536x954.jpg);\" role=\"img\" aria-label=\"Surfing-at-Santa-Teresa\"><\/div>\n\t\t\t\t<div class=\"elementor-cta__bg-overlay\"><\/div>\n\t\t\t<\/div>\n\t\t\t\t\t\t\t<div class=\"elementor-cta__content\">\n\t\t\t\t\n\t\t\t\t\t\t\t\t\t<h2 class=\"elementor-cta__title elementor-cta__content-item elementor-content-item elementor-animated-item--shrink\">\n\t\t\t\t\t\t\u00a1Planifique su viaje!\t\t\t\t\t<\/h2>\n\t\t\t\t\n\t\t\t\t\t\t\t\t\t<div class=\"elementor-cta__description elementor-cta__content-item elementor-content-item elementor-animated-item--shrink\">\n\t\t\t\t\t\tAhorre tiempo y dinero y aseg\u00farese de disfrutar al m\u00e1ximo de Costa Rica con nosotros.\t\t\t\t\t<\/div>\n\t\t\t\t\n\t\t\t\t\t\t\t\t\t<div class=\"elementor-cta__button-wrapper elementor-cta__content-item elementor-content-item elementor-animated-item--shrink\">\n\t\t\t\t\t<a class=\"elementor-cta__button elementor-button elementor-size-md\" href=\"https:\/\/costaricatraveland.com\/planifique-sus-vacaciones\/\">\n\t\t\t\t\t\t\u00a1Vamos!\t\t\t\t\t<\/a>\n\t\t\t\t\t<\/div>\n\t\t\t\t\t\t\t<\/div>\n\t\t\t\t\t\t<\/div>\n\t\t\t\t\t\t<\/div>\n\t\t\t\t<\/div>\n\t\t\t\t\t<\/div>\n\t\t<\/div>\n\t\t\t\t\t<\/div>\n\t\t<\/section>\n\t\t\t\t<\/div>\n\t\t","protected":false},"excerpt":{"rendered":"<p>En Costa Rica Travel &#038; queremos que planifiques tu viaje con total confianza.<br \/>\nConsulta aqu\u00ed los t\u00e9rminos y condiciones de viaje, pol\u00edticas de cancelaci\u00f3n, uso del sitio y detalles de nuestras reservas para disfrutar unas vacaciones seguras, claras y sin preocupaciones.<br \/>\nTransparencia y compromiso son la base de cada experiencia que creamos para ti en Costa Rica.<\/p>\n","protected":false},"author":1,"featured_media":0,"parent":0,"menu_order":0,"comment_status":"closed","ping_status":"closed","template":"","meta":{"nf_dc_page":"","inline_featured_image":false,"_joinchat":[],"footnotes":""},"class_list":["post-1440","page","type-page","status-publish","hentry"],"aioseo_notices":[],"_links":{"self":[{"href":"https:\/\/costaricatraveland.com\/es\/wp-json\/wp\/v2\/pages\/1440","targetHints":{"allow":["GET"]}}],"collection":[{"href":"https:\/\/costaricatraveland.com\/es\/wp-json\/wp\/v2\/pages"}],"about":[{"href":"https:\/\/costaricatraveland.com\/es\/wp-json\/wp\/v2\/types\/page"}],"author":[{"embeddable":true,"href":"https:\/\/costaricatraveland.com\/es\/wp-json\/wp\/v2\/users\/1"}],"replies":[{"embeddable":true,"href":"https:\/\/costaricatraveland.com\/es\/wp-json\/wp\/v2\/comments?post=1440"}],"version-history":[{"count":5,"href":"https:\/\/costaricatraveland.com\/es\/wp-json\/wp\/v2\/pages\/1440\/revisions"}],"predecessor-version":[{"id":12332,"href":"https:\/\/costaricatraveland.com\/es\/wp-json\/wp\/v2\/pages\/1440\/revisions\/12332"}],"wp:attachment":[{"href":"https:\/\/costaricatraveland.com\/es\/wp-json\/wp\/v2\/media?parent=1440"}],"curies":[{"name":"wp","href":"https:\/\/api.w.org\/{rel}","templated":true}]}}