{"id":1402,"date":"2021-11-30T15:42:58","date_gmt":"2021-11-30T15:42:58","guid":{"rendered":"https:\/\/costaricatraveland.com\/?page_id=1402"},"modified":"2025-11-13T01:13:11","modified_gmt":"2025-11-13T01:13:11","slug":"blog","status":"publish","type":"page","link":"https:\/\/costaricatraveland.com\/es\/blog\/","title":{"rendered":"Blog de Viajes Traveland | Consejos, Gu\u00edas y Experiencias"},"content":{"rendered":"\t\t<div data-elementor-type=\"wp-page\" data-elementor-id=\"1402\" class=\"elementor elementor-1402\" data-elementor-post-type=\"page\">\n\t\t\t\t\t\t<section class=\"elementor-section elementor-top-section elementor-element elementor-element-50736cc elementor-section-height-min-height elementor-section-boxed elementor-section-height-default elementor-section-items-middle\" data-id=\"50736cc\" data-element_type=\"section\" data-settings=\"{&quot;background_background&quot;:&quot;classic&quot;,&quot;shape_divider_bottom&quot;:&quot;tilt&quot;,&quot;background_motion_fx_motion_fx_scrolling&quot;:&quot;yes&quot;,&quot;background_motion_fx_range&quot;:&quot;page&quot;,&quot;background_motion_fx_motion_fx_mouse&quot;:&quot;yes&quot;,&quot;background_motion_fx_devices&quot;:[&quot;desktop&quot;,&quot;tablet&quot;,&quot;mobile&quot;]}\">\n\t\t\t\t\t\t\t<div class=\"elementor-background-overlay\"><\/div>\n\t\t\t\t\t\t<div class=\"elementor-shape elementor-shape-bottom\" aria-hidden=\"true\" data-negative=\"false\">\n\t\t\t<svg xmlns=\"http:\/\/www.w3.org\/2000\/svg\" viewBox=\"0 0 1000 100\" preserveAspectRatio=\"none\">\n\t<path class=\"elementor-shape-fill\" d=\"M0,6V0h1000v100L0,6z\"\/>\n<\/svg>\t\t<\/div>\n\t\t\t\t\t<div class=\"elementor-container elementor-column-gap-default\">\n\t\t\t\t\t<div class=\"elementor-column elementor-col-100 elementor-top-column elementor-element elementor-element-608e148\" data-id=\"608e148\" data-element_type=\"column\">\n\t\t\t<div class=\"elementor-widget-wrap elementor-element-populated\">\n\t\t\t\t\t\t<div class=\"elementor-element elementor-element-f0bb758 elementor-invisible elementor-widget elementor-widget-heading\" data-id=\"f0bb758\" data-element_type=\"widget\" data-settings=\"{&quot;motion_fx_motion_fx_scrolling&quot;:&quot;yes&quot;,&quot;motion_fx_blur_effect&quot;:&quot;yes&quot;,&quot;motion_fx_blur_direction&quot;:&quot;in-out&quot;,&quot;motion_fx_blur_range&quot;:{&quot;unit&quot;:&quot;%&quot;,&quot;size&quot;:&quot;&quot;,&quot;sizes&quot;:{&quot;start&quot;:75,&quot;end&quot;:100}},&quot;_animation&quot;:&quot;fadeIn&quot;,&quot;motion_fx_blur_level&quot;:{&quot;unit&quot;:&quot;px&quot;,&quot;size&quot;:7,&quot;sizes&quot;:[]},&quot;motion_fx_devices&quot;:[&quot;desktop&quot;,&quot;tablet&quot;,&quot;mobile&quot;]}\" data-widget_type=\"heading.default\">\n\t\t\t\t<div class=\"elementor-widget-container\">\n\t\t\t\t\t<h2 class=\"elementor-heading-title elementor-size-default\">Blog de Viajes Traveland | Consejos, Gu\u00edas y Experiencias<\/h2>\t\t\t\t<\/div>\n\t\t\t\t<\/div>\n\t\t\t\t\t<\/div>\n\t\t<\/div>\n\t\t\t\t\t<\/div>\n\t\t<\/section>\n\t\t\t\t<section class=\"elementor-section elementor-top-section elementor-element elementor-element-b9be301 elementor-section-boxed elementor-section-height-default elementor-section-height-default\" data-id=\"b9be301\" data-element_type=\"section\">\n\t\t\t\t\t\t<div class=\"elementor-container elementor-column-gap-default\">\n\t\t\t\t\t<div class=\"elementor-column elementor-col-100 elementor-top-column elementor-element elementor-element-15b4a9a\" data-id=\"15b4a9a\" data-element_type=\"column\">\n\t\t\t<div class=\"elementor-widget-wrap elementor-element-populated\">\n\t\t\t\t\t\t<div class=\"elementor-element elementor-element-6ab9078 elementor-grid-2 elementor-grid-tablet-2 elementor-grid-mobile-1 elementor-posts--thumbnail-top elementor-card-shadow-yes elementor-posts__hover-gradient elementor-widget elementor-widget-posts\" data-id=\"6ab9078\" data-element_type=\"widget\" data-settings=\"{&quot;pagination_type&quot;:&quot;prev_next&quot;,&quot;cards_columns&quot;:&quot;2&quot;,&quot;cards_columns_tablet&quot;:&quot;2&quot;,&quot;cards_columns_mobile&quot;:&quot;1&quot;,&quot;cards_row_gap&quot;:{&quot;unit&quot;:&quot;px&quot;,&quot;size&quot;:35,&quot;sizes&quot;:[]},&quot;cards_row_gap_tablet&quot;:{&quot;unit&quot;:&quot;px&quot;,&quot;size&quot;:&quot;&quot;,&quot;sizes&quot;:[]},&quot;cards_row_gap_mobile&quot;:{&quot;unit&quot;:&quot;px&quot;,&quot;size&quot;:&quot;&quot;,&quot;sizes&quot;:[]}}\" data-widget_type=\"posts.cards\">\n\t\t\t\t<div class=\"elementor-widget-container\">\n\t\t\t\t\t\t\t<div class=\"elementor-posts-container elementor-posts elementor-posts--skin-cards elementor-grid\" role=\"list\">\n\t\t\t\t<article class=\"elementor-post elementor-grid-item post-8746 post type-post status-publish format-standard has-post-thumbnail hentry category-sin-categorizar\" role=\"listitem\">\n\t\t\t<div class=\"elementor-post__card\">\n\t\t\t\t<a class=\"elementor-post__thumbnail__link\" href=\"https:\/\/costaricatraveland.com\/es\/hoteles-todo-incluido-vacaciones-de-15-dias-en-costa-rica\/\" tabindex=\"-1\" ><div class=\"elementor-post__thumbnail\"><img loading=\"lazy\" decoding=\"async\" loading=\"lazy\" width=\"800\" height=\"449\" src=\"https:\/\/costaricatraveland.com\/wp-content\/uploads\/2025\/06\/condovac-la-costa-2-1-800x449.webp\" class=\"attachment-medium size-medium wp-image-8758\" alt=\"\" srcset=\"https:\/\/costaricatraveland.com\/wp-content\/uploads\/2025\/06\/condovac-la-costa-2-1-800x449.webp 800w, https:\/\/costaricatraveland.com\/wp-content\/uploads\/2025\/06\/condovac-la-costa-2-1-768x432.webp 768w, https:\/\/costaricatraveland.com\/wp-content\/uploads\/2025\/06\/condovac-la-costa-2-1-1536x863.webp 1536w, https:\/\/costaricatraveland.com\/wp-content\/uploads\/2025\/06\/condovac-la-costa-2-1-2048x1151.webp 2048w\" sizes=\"auto, (max-width: 800px) 100vw, 800px\" \/><\/div><\/a>\n\t\t\t\t<div class=\"elementor-post__text\">\n\t\t\t\t<h3 class=\"elementor-post__title\">\n\t\t\t<a href=\"https:\/\/costaricatraveland.com\/es\/hoteles-todo-incluido-vacaciones-de-15-dias-en-costa-rica\/\" >\n\t\t\t\tHoteles Todo Incluido para Vacaciones de 15 D\u00edas en Costa Rica\t\t\t<\/a>\n\t\t<\/h3>\n\t\t\t\t<div class=\"elementor-post__excerpt\">\n\t\t\t<p>Vacaciones de 15 D\u00edas en Costa Rica | Hoteles Todo Incluido Tomarte dos semanas para desconectar, explorar y recargar energ\u00edas es una oportunidad \u00fanica. En<\/p>\n\t\t<\/div>\n\t\t\n\t\t<a class=\"elementor-post__read-more\" href=\"https:\/\/costaricatraveland.com\/es\/hoteles-todo-incluido-vacaciones-de-15-dias-en-costa-rica\/\" aria-label=\"M\u00e1s informaci\u00f3n sobre Hoteles Todo Incluido para Vacaciones de 15 D\u00edas en Costa Rica\" tabindex=\"-1\" >\n\t\t\tLeer M\u00e1s \"\t\t<\/a>\n\n\t\t\t\t<\/div>\n\t\t\t\t\t<\/div>\n\t\t<\/article>\n\t\t\t\t<article class=\"elementor-post elementor-grid-item post-7918 post type-post status-publish format-standard has-post-thumbnail hentry category-uncategorized\" role=\"listitem\">\n\t\t\t<div class=\"elementor-post__card\">\n\t\t\t\t<a class=\"elementor-post__thumbnail__link\" href=\"https:\/\/costaricatraveland.com\/es\/los-mejores-hoteles-todo-incluido-en-costa-rica\/\" tabindex=\"-1\" ><div class=\"elementor-post__thumbnail\"><img loading=\"lazy\" decoding=\"async\" loading=\"lazy\" width=\"800\" height=\"533\" src=\"https:\/\/costaricatraveland.com\/wp-content\/uploads\/2022\/02\/hotel-occidental-tamarindo-29-800x533.jpg\" class=\"attachment-medium size-medium wp-image-2060\" alt=\"Viajes Traveland Costa Rica\" srcset=\"https:\/\/costaricatraveland.com\/wp-content\/uploads\/2022\/02\/hotel-occidental-tamarindo-29-800x533.jpg 800w, https:\/\/costaricatraveland.com\/wp-content\/uploads\/2022\/02\/hotel-occidental-tamarindo-29-768x512.jpg 768w, https:\/\/costaricatraveland.com\/wp-content\/uploads\/2022\/02\/hotel-occidental-tamarindo-29-1536x1024.jpg 1536w\" sizes=\"auto, (max-width: 800px) 100vw, 800px\" \/><\/div><\/a>\n\t\t\t\t<div class=\"elementor-post__text\">\n\t\t\t\t<h3 class=\"elementor-post__title\">\n\t\t\t<a href=\"https:\/\/costaricatraveland.com\/es\/los-mejores-hoteles-todo-incluido-en-costa-rica\/\" >\n\t\t\t\tLos mejores hoteles todo incluido en Costa Rica\t\t\t<\/a>\n\t\t<\/h3>\n\t\t\t\t<div class=\"elementor-post__excerpt\">\n\t\t\t<p>Los Mejores Hoteles Todo Incluido en Costa Rica Optar por un hotel todo incluido en Costa Rica tiene ventajas que hacen de tus vacaciones una<\/p>\n\t\t<\/div>\n\t\t\n\t\t<a class=\"elementor-post__read-more\" href=\"https:\/\/costaricatraveland.com\/es\/los-mejores-hoteles-todo-incluido-en-costa-rica\/\" aria-label=\"M\u00e1s informaci\u00f3n sobre Los mejores hoteles todo incluido en Costa Rica\" tabindex=\"-1\" >\n\t\t\tLeer M\u00e1s \"\t\t<\/a>\n\n\t\t\t\t<\/div>\n\t\t\t\t\t<\/div>\n\t\t<\/article>\n\t\t\t\t<article class=\"elementor-post elementor-grid-item post-6458 post type-post status-publish format-standard has-post-thumbnail hentry category-sin-categorizar\" role=\"listitem\">\n\t\t\t<div class=\"elementor-post__card\">\n\t\t\t\t<a class=\"elementor-post__thumbnail__link\" href=\"https:\/\/costaricatraveland.com\/es\/geografia-de-costa-rica-medio-ambiente-y-el-pura-vida\/\" tabindex=\"-1\" ><div class=\"elementor-post__thumbnail\"><img loading=\"lazy\" decoding=\"async\" loading=\"lazy\" width=\"800\" height=\"533\" src=\"https:\/\/costaricatraveland.com\/wp-content\/uploads\/2021\/10\/Pizote-800x533.webp\" class=\"attachment-medium size-medium wp-image-6170\" alt=\"\" srcset=\"https:\/\/costaricatraveland.com\/wp-content\/uploads\/2021\/10\/Pizote-800x533.webp 800w, https:\/\/costaricatraveland.com\/wp-content\/uploads\/2021\/10\/Pizote-768x512.webp 768w, https:\/\/costaricatraveland.com\/wp-content\/uploads\/2021\/10\/Pizote-1536x1024.webp 1536w, https:\/\/costaricatraveland.com\/wp-content\/uploads\/2021\/10\/Pizote.jpg 2048w\" sizes=\"auto, (max-width: 800px) 100vw, 800px\" \/><\/div><\/a>\n\t\t\t\t<div class=\"elementor-post__text\">\n\t\t\t\t<h3 class=\"elementor-post__title\">\n\t\t\t<a href=\"https:\/\/costaricatraveland.com\/es\/geografia-de-costa-rica-medio-ambiente-y-el-pura-vida\/\" >\n\t\t\t\tGeograf\u00eda de Costa Rica, medio ambiente y el Pura Vida\t\t\t<\/a>\n\t\t<\/h3>\n\t\t\t\t<div class=\"elementor-post__excerpt\">\n\t\t\t<p>Costa Rica es una maravilla natural de la geograf\u00eda y el medio ambiente Bienvenidos, buscadores de aventuras, al cautivador reino de Costa Rica, donde la<\/p>\n\t\t<\/div>\n\t\t\n\t\t<a class=\"elementor-post__read-more\" href=\"https:\/\/costaricatraveland.com\/es\/geografia-de-costa-rica-medio-ambiente-y-el-pura-vida\/\" aria-label=\"M\u00e1s informaci\u00f3n sobre Geograf\u00eda de Costa Rica, medio ambiente y el Pura Vida\" tabindex=\"-1\" >\n\t\t\tLeer M\u00e1s \"\t\t<\/a>\n\n\t\t\t\t<\/div>\n\t\t\t\t\t<\/div>\n\t\t<\/article>\n\t\t\t\t<article class=\"elementor-post elementor-grid-item post-6453 post type-post status-publish format-standard has-post-thumbnail hentry category-uncategorized\" role=\"listitem\">\n\t\t\t<div class=\"elementor-post__card\">\n\t\t\t\t<a class=\"elementor-post__thumbnail__link\" href=\"https:\/\/costaricatraveland.com\/es\/comer-y-beber-en-costa-rica\/\" tabindex=\"-1\" ><div class=\"elementor-post__thumbnail\"><img loading=\"lazy\" decoding=\"async\" loading=\"lazy\" width=\"800\" height=\"515\" src=\"https:\/\/costaricatraveland.com\/wp-content\/uploads\/2023\/08\/Food-View-800x515.webp\" class=\"attachment-medium size-medium wp-image-6132\" alt=\"\" srcset=\"https:\/\/costaricatraveland.com\/wp-content\/uploads\/2023\/08\/Food-View-800x515.webp 800w, https:\/\/costaricatraveland.com\/wp-content\/uploads\/2023\/08\/Food-View-768x494.webp 768w, https:\/\/costaricatraveland.com\/wp-content\/uploads\/2023\/08\/Food-View-1536x989.webp 1536w, https:\/\/costaricatraveland.com\/wp-content\/uploads\/2023\/08\/Food-View-2048x1318.webp 2048w\" sizes=\"auto, (max-width: 800px) 100vw, 800px\" \/><\/div><\/a>\n\t\t\t\t<div class=\"elementor-post__text\">\n\t\t\t\t<h3 class=\"elementor-post__title\">\n\t\t\t<a href=\"https:\/\/costaricatraveland.com\/es\/comer-y-beber-en-costa-rica\/\" >\n\t\t\t\tComer y beber en Costa Rica\t\t\t<\/a>\n\t\t<\/h3>\n\t\t\t\t<div class=\"elementor-post__excerpt\">\n\t\t\t<p>Savoring Costa Rica: A Culinary Journey of Delightful Tastes and Flavors Bienvenidos, food enthusiasts and wanderers, to the tantalizing world of Costa Rican cuisine! If<\/p>\n\t\t<\/div>\n\t\t\n\t\t<a class=\"elementor-post__read-more\" href=\"https:\/\/costaricatraveland.com\/es\/comer-y-beber-en-costa-rica\/\" aria-label=\"M\u00e1s informaci\u00f3n sobre Comer y beber en Costa Rica\" tabindex=\"-1\" >\n\t\t\tLeer M\u00e1s \"\t\t<\/a>\n\n\t\t\t\t<\/div>\n\t\t\t\t\t<\/div>\n\t\t<\/article>\n\t\t\t\t<article class=\"elementor-post elementor-grid-item post-6452 post type-post status-publish format-standard has-post-thumbnail hentry category-uncategorized tag-etiqueta1 tag-tagexample2-es\" role=\"listitem\">\n\t\t\t<div class=\"elementor-post__card\">\n\t\t\t\t<a class=\"elementor-post__thumbnail__link\" href=\"https:\/\/costaricatraveland.com\/es\/cultura-y-costumbres-de-costa-rica\/\" tabindex=\"-1\" ><div class=\"elementor-post__thumbnail\"><img loading=\"lazy\" decoding=\"async\" loading=\"lazy\" width=\"1\" height=\"1\" src=\"https:\/\/costaricatraveland.com\/wp-content\/uploads\/2022\/01\/destination-guanacaste-14.jpg\" class=\"attachment-medium size-medium wp-image-1490\" alt=\"\" \/><\/div><\/a>\n\t\t\t\t<div class=\"elementor-post__text\">\n\t\t\t\t<h3 class=\"elementor-post__title\">\n\t\t\t<a href=\"https:\/\/costaricatraveland.com\/es\/cultura-y-costumbres-de-costa-rica\/\" >\n\t\t\t\tCultura y costumbres de Costa Rica\t\t\t<\/a>\n\t\t<\/h3>\n\t\t\t\t<div class=\"elementor-post__excerpt\">\n\t\t\t<p>Explorar la rica cultura y las encantadoras costumbres de Costa Rica Bienvenido a un estimulante viaje por la cautivadora tierra de Costa Rica, donde la<\/p>\n\t\t<\/div>\n\t\t\n\t\t<a class=\"elementor-post__read-more\" href=\"https:\/\/costaricatraveland.com\/es\/cultura-y-costumbres-de-costa-rica\/\" aria-label=\"M\u00e1s informaci\u00f3n sobre Cultura y costumbres de Costa Rica\" tabindex=\"-1\" >\n\t\t\tLeer M\u00e1s \"\t\t<\/a>\n\n\t\t\t\t<\/div>\n\t\t\t\t\t<\/div>\n\t\t<\/article>\n\t\t\t\t<article class=\"elementor-post elementor-grid-item post-6451 post type-post status-publish format-standard has-post-thumbnail hentry category-sin-categorizar\" role=\"listitem\">\n\t\t\t<div class=\"elementor-post__card\">\n\t\t\t\t<a class=\"elementor-post__thumbnail__link\" href=\"https:\/\/costaricatraveland.com\/es\/historia-y-gobierno-de-costa-rica\/\" tabindex=\"-1\" ><div class=\"elementor-post__thumbnail\"><img loading=\"lazy\" decoding=\"async\" loading=\"lazy\" width=\"800\" height=\"498\" src=\"https:\/\/costaricatraveland.com\/wp-content\/uploads\/2021\/10\/Edits-800x498.webp\" class=\"attachment-medium size-medium wp-image-6164\" alt=\"\" srcset=\"https:\/\/costaricatraveland.com\/wp-content\/uploads\/2021\/10\/Edits-800x498.webp 800w, https:\/\/costaricatraveland.com\/wp-content\/uploads\/2021\/10\/Edits-768x479.webp 768w, https:\/\/costaricatraveland.com\/wp-content\/uploads\/2021\/10\/Edits-1536x957.webp 1536w, https:\/\/costaricatraveland.com\/wp-content\/uploads\/2021\/10\/Edits-2048x1276.webp 2048w\" sizes=\"auto, (max-width: 800px) 100vw, 800px\" \/><\/div><\/a>\n\t\t\t\t<div class=\"elementor-post__text\">\n\t\t\t\t<h3 class=\"elementor-post__title\">\n\t\t\t<a href=\"https:\/\/costaricatraveland.com\/es\/historia-y-gobierno-de-costa-rica\/\" >\n\t\t\t\tHistoria y Gobierno de Costa Rica\t\t\t<\/a>\n\t\t<\/h3>\n\t\t\t\t<div class=\"elementor-post__excerpt\">\n\t\t\t<p>DeCosta Rica: Una fascinante mezcla de historia Bienvenido a la encantadora tierra de Costa Rica, donde las p\u00e1ginas de la historia se entrelazan con el<\/p>\n\t\t<\/div>\n\t\t\n\t\t<a class=\"elementor-post__read-more\" href=\"https:\/\/costaricatraveland.com\/es\/historia-y-gobierno-de-costa-rica\/\" aria-label=\"M\u00e1s informaci\u00f3n sobre Historia y Gobierno de Costa Rica\" tabindex=\"-1\" >\n\t\t\tLeer M\u00e1s \"\t\t<\/a>\n\n\t\t\t\t<\/div>\n\t\t\t\t\t<\/div>\n\t\t<\/article>\n\t\t\t\t<\/div>\n\t\t\n\t\t\t\t\t\t<\/div>\n\t\t\t\t<\/div>\n\t\t\t\t\t<\/div>\n\t\t<\/div>\n\t\t\t\t\t<\/div>\n\t\t<\/section>\n\t\t\t\t<section class=\"elementor-section elementor-top-section elementor-element elementor-element-924b5f0 elementor-section-full_width planyourtripcontainer elementor-section-height-min-height elementor-section-height-default elementor-section-items-middle\" data-id=\"924b5f0\" data-element_type=\"section\" data-settings=\"{&quot;background_background&quot;:&quot;classic&quot;,&quot;shape_divider_top&quot;:&quot;opacity-tilt&quot;,&quot;shape_divider_bottom&quot;:&quot;opacity-tilt&quot;}\">\n\t\t\t\t\t<div class=\"elementor-shape elementor-shape-top\" aria-hidden=\"true\" data-negative=\"false\">\n\t\t\t<svg xmlns=\"http:\/\/www.w3.org\/2000\/svg\" viewBox=\"0 0 2600 131.1\" preserveAspectRatio=\"none\">\n\t<path class=\"elementor-shape-fill\" d=\"M0 0L2600 0 2600 69.1 0 0z\"\/>\n\t<path class=\"elementor-shape-fill\" style=\"opacity:0.5\" d=\"M0 0L2600 0 2600 69.1 0 69.1z\"\/>\n\t<path class=\"elementor-shape-fill\" style=\"opacity:0.25\" d=\"M2600 0L0 0 0 130.1 2600 69.1z\"\/>\n<\/svg>\t\t<\/div>\n\t\t\t\t<div class=\"elementor-shape elementor-shape-bottom\" aria-hidden=\"true\" data-negative=\"false\">\n\t\t\t<svg xmlns=\"http:\/\/www.w3.org\/2000\/svg\" viewBox=\"0 0 2600 131.1\" preserveAspectRatio=\"none\">\n\t<path class=\"elementor-shape-fill\" d=\"M0 0L2600 0 2600 69.1 0 0z\"\/>\n\t<path class=\"elementor-shape-fill\" style=\"opacity:0.5\" d=\"M0 0L2600 0 2600 69.1 0 69.1z\"\/>\n\t<path class=\"elementor-shape-fill\" style=\"opacity:0.25\" d=\"M2600 0L0 0 0 130.1 2600 69.1z\"\/>\n<\/svg>\t\t<\/div>\n\t\t\t\t\t<div class=\"elementor-container elementor-column-gap-default\">\n\t\t\t\t\t<div class=\"elementor-column elementor-col-100 elementor-top-column elementor-element elementor-element-79b1dac\" data-id=\"79b1dac\" data-element_type=\"column\">\n\t\t\t<div class=\"elementor-widget-wrap elementor-element-populated\">\n\t\t\t\t\t\t<div class=\"elementor-element elementor-element-727fc96 elementor-cta--skin-cover elementor-bg-transform elementor-bg-transform-zoom-out elementor-animated-content elementor-widget elementor-widget-call-to-action\" data-id=\"727fc96\" data-element_type=\"widget\" data-widget_type=\"call-to-action.default\">\n\t\t\t\t<div class=\"elementor-widget-container\">\n\t\t\t\t\t\t\t<div class=\"elementor-cta\">\n\t\t\t\t\t<div class=\"elementor-cta__bg-wrapper\">\n\t\t\t\t<div class=\"elementor-cta__bg elementor-bg\" style=\"background-image: url(https:\/\/costaricatraveland.com\/wp-content\/uploads\/2021\/09\/Surfing-at-Santa-Teresa-1536x954.jpg);\" role=\"img\" aria-label=\"Surfing-at-Santa-Teresa\"><\/div>\n\t\t\t\t<div class=\"elementor-cta__bg-overlay\"><\/div>\n\t\t\t<\/div>\n\t\t\t\t\t\t\t<div class=\"elementor-cta__content\">\n\t\t\t\t\n\t\t\t\t\t\t\t\t\t<h2 class=\"elementor-cta__title elementor-cta__content-item elementor-content-item elementor-animated-item--shrink\">\n\t\t\t\t\t\t\u00a1Planifique su viaje!\t\t\t\t\t<\/h2>\n\t\t\t\t\n\t\t\t\t\t\t\t\t\t<div class=\"elementor-cta__description elementor-cta__content-item elementor-content-item elementor-animated-item--shrink\">\n\t\t\t\t\t\tAhorre tiempo y dinero y aseg\u00farese de disfrutar al m\u00e1ximo de Costa Rica con nosotros.\t\t\t\t\t<\/div>\n\t\t\t\t\n\t\t\t\t\t\t\t\t\t<div class=\"elementor-cta__button-wrapper elementor-cta__content-item elementor-content-item elementor-animated-item--shrink\">\n\t\t\t\t\t<a class=\"elementor-cta__button elementor-button elementor-size-md\" href=\"https:\/\/costaricatraveland.com\/planifique-sus-vacaciones\/\">\n\t\t\t\t\t\t\u00a1Vamos!\t\t\t\t\t<\/a>\n\t\t\t\t\t<\/div>\n\t\t\t\t\t\t\t<\/div>\n\t\t\t\t\t\t<\/div>\n\t\t\t\t\t\t<\/div>\n\t\t\t\t<\/div>\n\t\t\t\t\t<\/div>\n\t\t<\/div>\n\t\t\t\t\t<\/div>\n\t\t<\/section>\n\t\t\t\t<\/div>\n\t\t","protected":false},"excerpt":{"rendered":"<p>Insp\u00edrate con el blog de viajes de Traveland, donde compartimos consejos, gu\u00edas locales y experiencias \u00fanicas para descubrir el pa\u00eds m\u00e1s verde del planeta.<br \/>\nExplora playas escondidas, destinos imperdibles y tips de expertos para vivir el aut\u00e9ntico esp\u00edritu \u201cpura vida\u201d.<br \/>\nCada art\u00edculo est\u00e1 pensado para ayudarte a planificar tu pr\u00f3xima escapada con conocimiento y pasi\u00f3n por viajar.<\/p>\n","protected":false},"author":1,"featured_media":5338,"parent":0,"menu_order":0,"comment_status":"closed","ping_status":"closed","template":"","meta":{"nf_dc_page":"","inline_featured_image":false,"_joinchat":[],"footnotes":""},"class_list":["post-1402","page","type-page","status-publish","has-post-thumbnail","hentry"],"aioseo_notices":[],"_links":{"self":[{"href":"https:\/\/costaricatraveland.com\/es\/wp-json\/wp\/v2\/pages\/1402","targetHints":{"allow":["GET"]}}],"collection":[{"href":"https:\/\/costaricatraveland.com\/es\/wp-json\/wp\/v2\/pages"}],"about":[{"href":"https:\/\/costaricatraveland.com\/es\/wp-json\/wp\/v2\/types\/page"}],"author":[{"embeddable":true,"href":"https:\/\/costaricatraveland.com\/es\/wp-json\/wp\/v2\/users\/1"}],"replies":[{"embeddable":true,"href":"https:\/\/costaricatraveland.com\/es\/wp-json\/wp\/v2\/comments?post=1402"}],"version-history":[{"count":5,"href":"https:\/\/costaricatraveland.com\/es\/wp-json\/wp\/v2\/pages\/1402\/revisions"}],"predecessor-version":[{"id":12336,"href":"https:\/\/costaricatraveland.com\/es\/wp-json\/wp\/v2\/pages\/1402\/revisions\/12336"}],"wp:featuredmedia":[{"embeddable":true,"href":"https:\/\/costaricatraveland.com\/es\/wp-json\/wp\/v2\/media\/5338"}],"wp:attachment":[{"href":"https:\/\/costaricatraveland.com\/es\/wp-json\/wp\/v2\/media?parent=1402"}],"curies":[{"name":"wp","href":"https:\/\/api.w.org\/{rel}","templated":true}]}}