{"id":1392,"date":"2021-11-30T15:29:55","date_gmt":"2021-11-30T15:29:55","guid":{"rendered":"https:\/\/costaricatraveland.com\/?page_id=1392"},"modified":"2025-11-25T19:46:22","modified_gmt":"2025-11-25T19:46:22","slug":"inicio","status":"publish","type":"page","link":"https:\/\/costaricatraveland.com\/es\/","title":{"rendered":"Viajes Traveland Costa Rica | Hoteles Todo Incluido"},"content":{"rendered":"\t\t<div data-elementor-type=\"wp-page\" data-elementor-id=\"1392\" class=\"elementor elementor-1392 elementor-45\" data-elementor-post-type=\"page\">\n\t\t\t\t<div class=\"elementor-element elementor-element-ce8b39b e-con-full e-flex e-con e-parent\" data-id=\"ce8b39b\" data-element_type=\"container\" data-settings=\"{&quot;background_background&quot;:&quot;slideshow&quot;,&quot;shape_divider_top&quot;:&quot;opacity-tilt&quot;,&quot;shape_divider_bottom&quot;:&quot;opacity-tilt&quot;,&quot;background_slideshow_gallery&quot;:[],&quot;background_slideshow_loop&quot;:&quot;yes&quot;,&quot;background_slideshow_slide_duration&quot;:5000,&quot;background_slideshow_slide_transition&quot;:&quot;fade&quot;,&quot;background_slideshow_transition_duration&quot;:500}\">\n\t\t\t\t<div class=\"elementor-shape elementor-shape-top\" aria-hidden=\"true\" data-negative=\"false\">\n\t\t\t<svg xmlns=\"http:\/\/www.w3.org\/2000\/svg\" viewBox=\"0 0 2600 131.1\" preserveAspectRatio=\"none\">\n\t<path class=\"elementor-shape-fill\" d=\"M0 0L2600 0 2600 69.1 0 0z\"\/>\n\t<path class=\"elementor-shape-fill\" style=\"opacity:0.5\" d=\"M0 0L2600 0 2600 69.1 0 69.1z\"\/>\n\t<path class=\"elementor-shape-fill\" style=\"opacity:0.25\" d=\"M2600 0L0 0 0 130.1 2600 69.1z\"\/>\n<\/svg>\t\t<\/div>\n\t\t\t\t<div class=\"elementor-shape elementor-shape-bottom\" aria-hidden=\"true\" data-negative=\"false\">\n\t\t\t<svg xmlns=\"http:\/\/www.w3.org\/2000\/svg\" viewBox=\"0 0 2600 131.1\" preserveAspectRatio=\"none\">\n\t<path class=\"elementor-shape-fill\" d=\"M0 0L2600 0 2600 69.1 0 0z\"\/>\n\t<path class=\"elementor-shape-fill\" style=\"opacity:0.5\" d=\"M0 0L2600 0 2600 69.1 0 69.1z\"\/>\n\t<path class=\"elementor-shape-fill\" style=\"opacity:0.25\" d=\"M2600 0L0 0 0 130.1 2600 69.1z\"\/>\n<\/svg>\t\t<\/div>\n\t\t<div class=\"elementor-element elementor-element-59f14d7 e-con-full e-flex e-con e-child\" data-id=\"59f14d7\" data-element_type=\"container\" data-settings=\"{&quot;background_background&quot;:&quot;slideshow&quot;,&quot;shape_divider_top&quot;:&quot;opacity-tilt&quot;,&quot;shape_divider_bottom&quot;:&quot;opacity-tilt&quot;,&quot;background_slideshow_gallery&quot;:[],&quot;background_slideshow_loop&quot;:&quot;yes&quot;,&quot;background_slideshow_slide_duration&quot;:5000,&quot;background_slideshow_slide_transition&quot;:&quot;fade&quot;,&quot;background_slideshow_transition_duration&quot;:500}\">\n\t\t\t\t<div class=\"elementor-shape elementor-shape-top\" aria-hidden=\"true\" data-negative=\"false\">\n\t\t\t<svg xmlns=\"http:\/\/www.w3.org\/2000\/svg\" viewBox=\"0 0 2600 131.1\" preserveAspectRatio=\"none\">\n\t<path class=\"elementor-shape-fill\" d=\"M0 0L2600 0 2600 69.1 0 0z\"\/>\n\t<path class=\"elementor-shape-fill\" style=\"opacity:0.5\" d=\"M0 0L2600 0 2600 69.1 0 69.1z\"\/>\n\t<path class=\"elementor-shape-fill\" style=\"opacity:0.25\" d=\"M2600 0L0 0 0 130.1 2600 69.1z\"\/>\n<\/svg>\t\t<\/div>\n\t\t\t\t<div class=\"elementor-shape elementor-shape-bottom\" aria-hidden=\"true\" data-negative=\"false\">\n\t\t\t<svg xmlns=\"http:\/\/www.w3.org\/2000\/svg\" viewBox=\"0 0 2600 131.1\" preserveAspectRatio=\"none\">\n\t<path class=\"elementor-shape-fill\" d=\"M0 0L2600 0 2600 69.1 0 0z\"\/>\n\t<path class=\"elementor-shape-fill\" style=\"opacity:0.5\" d=\"M0 0L2600 0 2600 69.1 0 69.1z\"\/>\n\t<path class=\"elementor-shape-fill\" style=\"opacity:0.25\" d=\"M2600 0L0 0 0 130.1 2600 69.1z\"\/>\n<\/svg>\t\t<\/div>\n\t\t<div class=\"elementor-element elementor-element-7e975d5 e-con-full e-flex e-con e-child\" data-id=\"7e975d5\" data-element_type=\"container\" data-settings=\"{&quot;background_background&quot;:&quot;slideshow&quot;,&quot;background_slideshow_gallery&quot;:[{&quot;id&quot;:1908,&quot;url&quot;:&quot;https:\\\/\\\/costaricatraveland.com\\\/wp-content\\\/uploads\\\/2022\\\/02\\\/hotel-the-westin-reserva-conchal-1-3.jpg&quot;},{&quot;id&quot;:2935,&quot;url&quot;:&quot;https:\\\/\\\/costaricatraveland.com\\\/wp-content\\\/uploads\\\/2023\\\/04\\\/PH1.jpg&quot;},{&quot;id&quot;:2795,&quot;url&quot;:&quot;https:\\\/\\\/costaricatraveland.com\\\/wp-content\\\/uploads\\\/2023\\\/01\\\/BTAM_POOL_05_low.jpg&quot;},{&quot;id&quot;:2122,&quot;url&quot;:&quot;https:\\\/\\\/costaricatraveland.com\\\/wp-content\\\/uploads\\\/2022\\\/02\\\/hotel-fiesta-resort-17.jpg&quot;},{&quot;id&quot;:2064,&quot;url&quot;:&quot;https:\\\/\\\/costaricatraveland.com\\\/wp-content\\\/uploads\\\/2022\\\/02\\\/hotel-occidental-tamarindo-31.jpg&quot;},{&quot;id&quot;:2040,&quot;url&quot;:&quot;https:\\\/\\\/costaricatraveland.com\\\/wp-content\\\/uploads\\\/2022\\\/02\\\/hotel-occidental-tamarindo-19.jpg&quot;},{&quot;id&quot;:1910,&quot;url&quot;:&quot;https:\\\/\\\/costaricatraveland.com\\\/wp-content\\\/uploads\\\/2022\\\/02\\\/hotel-the-westin-reserva-conchal-2-3.jpg&quot;}],&quot;background_slideshow_loop&quot;:&quot;yes&quot;,&quot;background_slideshow_slide_duration&quot;:5000,&quot;background_slideshow_slide_transition&quot;:&quot;fade&quot;,&quot;background_slideshow_transition_duration&quot;:500}\">\n\t\t\t\t<div class=\"elementor-element elementor-element-65a2dfd elementor-hidden-mobile elementor--h-position-center elementor--v-position-middle elementor-widget elementor-widget-slides\" data-id=\"65a2dfd\" data-element_type=\"widget\" data-settings=\"{&quot;transition&quot;:&quot;fade&quot;,&quot;motion_fx_motion_fx_scrolling&quot;:&quot;yes&quot;,&quot;motion_fx_blur_effect&quot;:&quot;yes&quot;,&quot;motion_fx_blur_direction&quot;:&quot;in-out&quot;,&quot;motion_fx_blur_level&quot;:{&quot;unit&quot;:&quot;px&quot;,&quot;size&quot;:12,&quot;sizes&quot;:[]},&quot;motion_fx_blur_range&quot;:{&quot;unit&quot;:&quot;%&quot;,&quot;size&quot;:&quot;&quot;,&quot;sizes&quot;:{&quot;start&quot;:74,&quot;end&quot;:100}},&quot;navigation&quot;:&quot;none&quot;,&quot;autoplay&quot;:&quot;yes&quot;,&quot;pause_on_hover&quot;:&quot;yes&quot;,&quot;autoplay_speed&quot;:5000,&quot;infinite&quot;:&quot;yes&quot;,&quot;transition_speed&quot;:500,&quot;motion_fx_devices&quot;:[&quot;desktop&quot;,&quot;tablet&quot;,&quot;mobile&quot;]}\" data-widget_type=\"slides.default\">\n\t\t\t\t<div class=\"elementor-widget-container\">\n\t\t\t\t\t\t\t\t\t<div class=\"elementor-swiper\">\n\t\t\t\t\t<div class=\"elementor-slides-wrapper elementor-main-swiper swiper\" role=\"region\" aria-roledescription=\"carousel\" aria-label=\"Slides\" dir=\"ltr\" data-animation=\"fadeInUp\">\n\t\t\t\t<div class=\"swiper-wrapper elementor-slides\">\n\t\t\t\t\t\t\t\t\t\t<div class=\"elementor-repeater-item-0aa68f5 swiper-slide\" role=\"group\" aria-roledescription=\"slide\"><div class=\"swiper-slide-bg\"><\/div><a class=\"swiper-slide-inner\" href=\"https:\/\/costaricatraveland.com\/es\/agencia-de-viajes\/\"><div class=\"swiper-slide-contents\"><h1 class=\"elementor-slide-heading\">Traveland Costa Rica \u2013 Hoteles Todo Incluido y Paquetes para Nacionales<\/h1><\/div><\/a><\/div>\t\t\t\t<\/div>\n\t\t\t\t\t\t\t<\/div>\n\t\t\t\t<\/div>\n\t\t\t\t\t\t\t\t<\/div>\n\t\t\t\t<\/div>\n\t\t\t\t<div class=\"elementor-element elementor-element-319127c elementor-align-center elementor-widget elementor-widget-button\" data-id=\"319127c\" data-element_type=\"widget\" data-widget_type=\"button.default\">\n\t\t\t\t<div class=\"elementor-widget-container\">\n\t\t\t\t\t\t\t\t\t<div class=\"elementor-button-wrapper\">\n\t\t\t\t\t<a class=\"elementor-button elementor-button-link elementor-size-sm elementor-animation-grow\" href=\"https:\/\/costaricatraveland.com\/es\/agencia-de-viajes-en-costa-rica\/\">\n\t\t\t\t\t\t<span class=\"elementor-button-content-wrapper\">\n\t\t\t\t\t\t\t\t\t<span class=\"elementor-button-text\">ENTRAR<\/span>\n\t\t\t\t\t<\/span>\n\t\t\t\t\t<\/a>\n\t\t\t\t<\/div>\n\t\t\t\t\t\t\t\t<\/div>\n\t\t\t\t<\/div>\n\t\t<div class=\"elementor-element elementor-element-c05180c e-con-full e-grid e-con e-child\" data-id=\"c05180c\" data-element_type=\"container\" data-settings=\"{&quot;background_background&quot;:&quot;classic&quot;}\">\n\t\t<div class=\"elementor-element elementor-element-6f35d63 e-con-full e-flex e-con e-child\" data-id=\"6f35d63\" data-element_type=\"container\">\n\t\t\t\t<div class=\"elementor-element elementor-element-9340b27 elementor-widget elementor-widget-heading\" data-id=\"9340b27\" data-element_type=\"widget\" data-widget_type=\"heading.default\">\n\t\t\t\t<div class=\"elementor-widget-container\">\n\t\t\t\t\t<h2 class=\"elementor-heading-title elementor-size-default\">Traveland Costa Rica con tarifas especiales para nacionales<\/h2>\t\t\t\t<\/div>\n\t\t\t\t<\/div>\n\t\t\t\t<div class=\"elementor-element elementor-element-2e88be4 elementor-widget elementor-widget-text-editor\" data-id=\"2e88be4\" data-element_type=\"widget\" data-widget_type=\"text-editor.default\">\n\t\t\t\t<div class=\"elementor-widget-container\">\n\t\t\t\t\t\t\t\t\t<p style=\"text-align: center;\"><span style=\"color: #ffffff;\">Traveland Costa Rica ofrece precios diferenciados y promociones dise\u00f1adas para el mercado local. Los costarricenses y residentes pueden acceder a descuentos \u00fanicos en hoteles todo incluido y aprovechar ofertas exclusivas durante todo el a\u00f1o. Adem\u00e1s, contamos con planes de pago flexibles que hacen posible disfrutar de vacaciones de calidad sin comprometer el presupuesto. Por lo tanto, reservar con nosotros significa m\u00e1s valor por tu dinero.<\/span><\/p>\t\t\t\t\t\t\t\t<\/div>\n\t\t\t\t<\/div>\n\t\t\t\t<\/div>\n\t\t<div class=\"elementor-element elementor-element-48aaab0 e-con-full e-flex e-con e-child\" data-id=\"48aaab0\" data-element_type=\"container\">\n\t\t\t\t<div class=\"elementor-element elementor-element-7878bde elementor-widget elementor-widget-heading\" data-id=\"7878bde\" data-element_type=\"widget\" data-widget_type=\"heading.default\">\n\t\t\t\t<div class=\"elementor-widget-container\">\n\t\t\t\t\t<h2 class=\"elementor-heading-title elementor-size-default\">Hoteles todo incluido en Costa Rica con promociones exclusivas<\/h2>\t\t\t\t<\/div>\n\t\t\t\t<\/div>\n\t\t\t\t<div class=\"elementor-element elementor-element-ad6fa23 elementor-widget elementor-widget-text-editor\" data-id=\"ad6fa23\" data-element_type=\"widget\" data-widget_type=\"text-editor.default\">\n\t\t\t\t<div class=\"elementor-widget-container\">\n\t\t\t\t\t\t\t\t\t<p style=\"text-align: center;\"><span style=\"color: #ffffff;\">En Traveland Costa Rica trabajamos \u00fanicamente con hoteles todo incluido de cadenas reconocidas como Occidental, Riu, Barcel\u00f3, Fiesta Resort y m\u00e1s. Esto asegura hospedaje, alimentaci\u00f3n y entretenimiento en un solo paquete. Adem\u00e1s, ofrecemos promociones especiales en temporada baja y feriados. De hecho, muchas de nuestras tarifas para nacionales no est\u00e1n disponibles en otros canales. Finalmente, nuestro compromiso es brindar experiencias completas con precios accesibles.<\/span><\/p>\t\t\t\t\t\t\t\t<\/div>\n\t\t\t\t<\/div>\n\t\t\t\t<\/div>\n\t\t<div class=\"elementor-element elementor-element-eb000cb e-con-full e-flex e-con e-child\" data-id=\"eb000cb\" data-element_type=\"container\">\n\t\t\t\t<div class=\"elementor-element elementor-element-54eb0f0 elementor-widget elementor-widget-heading\" data-id=\"54eb0f0\" data-element_type=\"widget\" data-widget_type=\"heading.default\">\n\t\t\t\t<div class=\"elementor-widget-container\">\n\t\t\t\t\t<h3 class=\"elementor-heading-title elementor-size-default\">Ventajas de reservar con Traveland Costa Rica<\/h3>\t\t\t\t<\/div>\n\t\t\t\t<\/div>\n\t\t\t\t<div class=\"elementor-element elementor-element-922450a elementor-widget elementor-widget-text-editor\" data-id=\"922450a\" data-element_type=\"widget\" data-widget_type=\"text-editor.default\">\n\t\t\t\t<div class=\"elementor-widget-container\">\n\t\t\t\t\t\t\t\t\t<p style=\"text-align: center;\"><span style=\"color: #ffffff;\">Al elegirnos, obtienes m\u00e1s que un servicio de reservaci\u00f3n. Nuestro equipo te asesora antes, durante y despu\u00e9s del viaje. Adem\u00e1s, te brindamos soporte personalizado y acceso a promociones exclusivas. En realidad, somos un socio local que entiende el mercado costarricense y busca siempre la mejor relaci\u00f3n entre precio y calidad. Por lo tanto, reservar con Traveland Costa Rica significa viajar seguro y con confianza.<\/span><\/p>\t\t\t\t\t\t\t\t<\/div>\n\t\t\t\t<\/div>\n\t\t\t\t<\/div>\n\t\t\t\t<\/div>\n\t\t\t\t<\/div>\n\t\t<div class=\"elementor-element elementor-element-c4b2848 e-flex e-con-boxed e-con e-child\" data-id=\"c4b2848\" data-element_type=\"container\">\n\t\t\t\t\t<div class=\"e-con-inner\">\n\t\t<div class=\"elementor-element elementor-element-e0dd777 e-con-full e-flex e-con e-child\" data-id=\"e0dd777\" data-element_type=\"container\">\n\t\t\t\t<div class=\"elementor-element elementor-element-97e25c7 elementor-widget elementor-widget-text-editor\" data-id=\"97e25c7\" data-element_type=\"widget\" data-widget_type=\"text-editor.default\">\n\t\t\t\t<div class=\"elementor-widget-container\">\n\t\t\t\t\t\t\t\t\t<p>Traveland Costa Rica es la agencia ideal para nacionales y residentes que buscan vacaciones al mejor precio. Ofrecemos tarifas diferenciadas en hoteles todo incluido, promociones exclusivas y planes de pago flexibles. Adem\u00e1s, contamos con opciones de traslados compartidos y privados para que viajes con comodidad y seguridad. Por lo tanto, elegirnos significa disfrutar m\u00e1s de tus vacaciones con precios pensados en el mercado local.<\/p><p>Traveland Costa Rica trabaja \u00fanicamente con hoteles todo incluido. Esto asegura que tu experiencia sea completa: hospedaje, alimentaci\u00f3n, bebidas y entretenimiento en un solo lugar. Adem\u00e1s, tenemos convenios con reconocidas cadenas hoteleras como Occidental, Riu, Fiesta Resort, Barcel\u00f3, Condovac y m\u00e1s. De hecho, estas alianzas nos permiten darte tarifas especiales que no encontrar\u00e1s en otros canales. Finalmente, nuestra meta es que disfrutes de un servicio de calidad al precio justo.<\/p><p>En <a href=\"https:\/\/www.visitcostarica.com\/planning-your-trip\/local-agency\/traveland-costa-rica\">Traveland Costa Rica<\/a> tambi\u00e9n entendemos que cada viajero es diferente. Por ejemplo, las familias suelen buscar hoteles con actividades para ni\u00f1os, mientras que las parejas prefieren resorts m\u00e1s tranquilos y rom\u00e1nticos. En cambio, los grupos como empresas, colegios o asociaciones necesitan paquetes completos con transporte y descuentos por volumen. Por lo tanto, dise\u00f1amos soluciones adaptadas a cada necesidad, siempre con atenci\u00f3n personalizada.<\/p><p>Nuestros servicios no se limitan al hotel. Tambi\u00e9n ofrecemos traslados compartidos entre los principales destinos tur\u00edsticos del pa\u00eds, con horarios fijos y precios accesibles. Adem\u00e1s, si prefieres comodidad y flexibilidad, contamos con traslados privados en veh\u00edculos modernos y seguros. Como resultado, puedes planear tu viaje sin preocupaciones de transporte. En realidad, este servicio es muy \u00fatil para quienes viajan en familia o con grupos grandes.<\/p><p>Traveland Costa Rica es m\u00e1s que una agencia de viajes. Somos un socio local que entiende el mercado nacional y busca siempre la mejor relaci\u00f3n entre calidad y precio. Adem\u00e1s, trabajamos con paquetes especiales en temporada baja, promociones para feriados y descuentos exclusivos para residentes. Por lo tanto, reservar con nosotros es la mejor manera de disfrutar Costa Rica sin gastar de m\u00e1s. Finalmente, nuestro compromiso es claro: vacaciones seguras, accesibles y memorables para todos los costarricenses.<\/p>\t\t\t\t\t\t\t\t<\/div>\n\t\t\t\t<\/div>\n\t\t\t\t<\/div>\n\t\t\t\t\t<\/div>\n\t\t\t\t<\/div>\n\t\t<div class=\"elementor-element elementor-element-f165c48 e-con-full e-flex e-con e-child\" data-id=\"f165c48\" data-element_type=\"container\" data-settings=\"{&quot;background_background&quot;:&quot;slideshow&quot;,&quot;background_slideshow_gallery&quot;:[{&quot;id&quot;:5068,&quot;url&quot;:&quot;https:\\\/\\\/costaricatraveland.com\\\/wp-content\\\/uploads\\\/2023\\\/08\\\/Manuel-Antonio-National-Park-4.jpg&quot;}],&quot;background_slideshow_loop&quot;:&quot;yes&quot;,&quot;background_slideshow_slide_duration&quot;:5000,&quot;background_slideshow_slide_transition&quot;:&quot;fade&quot;,&quot;background_slideshow_transition_duration&quot;:500}\">\n\t\t\t\t<div class=\"elementor-element elementor-element-1f55507 elementor-widget elementor-widget-shortcode\" data-id=\"1f55507\" data-element_type=\"widget\" data-widget_type=\"shortcode.default\">\n\t\t\t\t<div class=\"elementor-widget-container\">\n\t\t\t\t\t\t\t<div class=\"elementor-shortcode\"><div data-src=\"https:\/\/cdn.trustindex.io\/loader.js?15e09d549bfc81839036e27596e\"><\/div><\/div>\n\t\t\t\t\t\t<\/div>\n\t\t\t\t<\/div>\n\t\t\t\t<\/div>\n\t\t\t\t<\/div>\n\t\t\t\t<\/div>\n\t\t\t\t<section class=\"elementor-section elementor-top-section elementor-element elementor-element-b8d8e17 elementor-section-boxed elementor-section-height-default elementor-section-height-default\" data-id=\"b8d8e17\" data-element_type=\"section\">\n\t\t\t\t\t\t<div class=\"elementor-container elementor-column-gap-default\">\n\t\t\t\t\t<div class=\"elementor-column elementor-col-100 elementor-top-column elementor-element elementor-element-d27bd91\" data-id=\"d27bd91\" data-element_type=\"column\">\n\t\t\t<div class=\"elementor-widget-wrap elementor-element-populated\">\n\t\t\t\t\t\t<div class=\"elementor-element elementor-element-f0e7a81 elementor-widget elementor-widget-html\" data-id=\"f0e7a81\" data-element_type=\"widget\" data-widget_type=\"html.default\">\n\t\t\t\t<div class=\"elementor-widget-container\">\n\t\t\t\t\t\n<iframe class=\"intro-frame\" src=\"https:\/\/costaricatraveland.com\/loader\/\" title=\"description\"><\/iframe> \n<style>\n    .intro-frame {\n        background-color: #EBEFF2;\n        height: 100vh;\n        width: 100%;\n        position: fixed;\n        left: 0px;\n        top: 0px;\n        z-index: 9999;\n    }\n.elementor-editor-active .intro-frame{\ndisplay: none;\n}\n<\/style>\n<script>\ndocument.addEventListener('DOMContentLoaded', function() {\n    jQuery(function(jQuery){\n        jQuery('.intro-frame').delay(5000).fadeOut(2000);\n        document.getElementById( '.intro-frame' ).style.display = 'none';\n    });\n});\n<\/script>\t\t\t\t<\/div>\n\t\t\t\t<\/div>\n\t\t\t\t\t<\/div>\n\t\t<\/div>\n\t\t\t\t\t<\/div>\n\t\t<\/section>\n\t\t\t\t<\/div>\n\t\t","protected":false},"excerpt":{"rendered":"<p>Traveland Costa Rica \u2013 Hoteles Todo Incluido y Paquetes para Nacionales ENTRAR Traveland Costa Rica con tarifas especiales para nacionales Traveland Costa Rica ofrece precios diferenciados y promociones dise\u00f1adas para el mercado local. Los costarricenses y residentes pueden acceder a descuentos \u00fanicos en hoteles todo incluido y aprovechar ofertas exclusivas durante todo el a\u00f1o. Adem\u00e1s, [&hellip;]<\/p>\n","protected":false},"author":1,"featured_media":2060,"parent":0,"menu_order":0,"comment_status":"closed","ping_status":"closed","template":"","meta":{"nf_dc_page":"","inline_featured_image":false,"_joinchat":[],"footnotes":""},"class_list":["post-1392","page","type-page","status-publish","has-post-thumbnail","hentry"],"aioseo_notices":[],"_links":{"self":[{"href":"https:\/\/costaricatraveland.com\/es\/wp-json\/wp\/v2\/pages\/1392","targetHints":{"allow":["GET"]}}],"collection":[{"href":"https:\/\/costaricatraveland.com\/es\/wp-json\/wp\/v2\/pages"}],"about":[{"href":"https:\/\/costaricatraveland.com\/es\/wp-json\/wp\/v2\/types\/page"}],"author":[{"embeddable":true,"href":"https:\/\/costaricatraveland.com\/es\/wp-json\/wp\/v2\/users\/1"}],"replies":[{"embeddable":true,"href":"https:\/\/costaricatraveland.com\/es\/wp-json\/wp\/v2\/comments?post=1392"}],"version-history":[{"count":4,"href":"https:\/\/costaricatraveland.com\/es\/wp-json\/wp\/v2\/pages\/1392\/revisions"}],"predecessor-version":[{"id":12415,"href":"https:\/\/costaricatraveland.com\/es\/wp-json\/wp\/v2\/pages\/1392\/revisions\/12415"}],"wp:featuredmedia":[{"embeddable":true,"href":"https:\/\/costaricatraveland.com\/es\/wp-json\/wp\/v2\/media\/2060"}],"wp:attachment":[{"href":"https:\/\/costaricatraveland.com\/es\/wp-json\/wp\/v2\/media?parent=1392"}],"curies":[{"name":"wp","href":"https:\/\/api.w.org\/{rel}","templated":true}]}}