{"id":1387,"date":"2021-11-30T15:19:22","date_gmt":"2021-11-30T15:19:22","guid":{"rendered":"https:\/\/costaricatraveland.com\/?page_id=1387"},"modified":"2025-11-15T18:46:56","modified_gmt":"2025-11-15T18:46:56","slug":"sobre-nosotros","status":"publish","type":"page","link":"https:\/\/costaricatraveland.com\/es\/sobre-nosotros\/","title":{"rendered":"Sobre nosotros Viajes Traveland &#8211; Costa Rica Traveland"},"content":{"rendered":"\t\t<div data-elementor-type=\"wp-page\" data-elementor-id=\"1387\" class=\"elementor elementor-1387\" data-elementor-post-type=\"page\">\n\t\t\t\t\t\t<section class=\"elementor-section elementor-top-section elementor-element elementor-element-34969d1 elementor-section-height-min-height elementor-section-boxed elementor-section-height-default elementor-section-items-middle\" data-id=\"34969d1\" data-element_type=\"section\" data-settings=\"{&quot;background_background&quot;:&quot;classic&quot;,&quot;shape_divider_bottom&quot;:&quot;tilt&quot;}\">\n\t\t\t\t\t\t\t<div class=\"elementor-background-overlay\"><\/div>\n\t\t\t\t\t\t<div class=\"elementor-shape elementor-shape-bottom\" aria-hidden=\"true\" data-negative=\"false\">\n\t\t\t<svg xmlns=\"http:\/\/www.w3.org\/2000\/svg\" viewBox=\"0 0 1000 100\" preserveAspectRatio=\"none\">\n\t<path class=\"elementor-shape-fill\" d=\"M0,6V0h1000v100L0,6z\"\/>\n<\/svg>\t\t<\/div>\n\t\t\t\t\t<div class=\"elementor-container elementor-column-gap-default\">\n\t\t\t\t\t<div class=\"elementor-column elementor-col-100 elementor-top-column elementor-element elementor-element-ac2a155\" data-id=\"ac2a155\" data-element_type=\"column\">\n\t\t\t<div class=\"elementor-widget-wrap elementor-element-populated\">\n\t\t\t\t\t\t<div class=\"elementor-element elementor-element-f1008cb elementor-widget elementor-widget-heading\" data-id=\"f1008cb\" data-element_type=\"widget\" data-widget_type=\"heading.default\">\n\t\t\t\t<div class=\"elementor-widget-container\">\n\t\t\t\t\t<h2 class=\"elementor-heading-title elementor-size-default\">Sobre nosotros Viajes Traveland &#8211; Costa Rica Traveland<\/h2>\t\t\t\t<\/div>\n\t\t\t\t<\/div>\n\t\t\t\t\t<\/div>\n\t\t<\/div>\n\t\t\t\t\t<\/div>\n\t\t<\/section>\n\t\t\t\t<section class=\"elementor-section elementor-top-section elementor-element elementor-element-9de11c2 elementor-section-boxed elementor-section-height-default elementor-section-height-default\" data-id=\"9de11c2\" data-element_type=\"section\">\n\t\t\t\t\t\t<div class=\"elementor-container elementor-column-gap-default\">\n\t\t\t\t\t<div class=\"elementor-column elementor-col-100 elementor-top-column elementor-element elementor-element-4cf43b2\" data-id=\"4cf43b2\" data-element_type=\"column\">\n\t\t\t<div class=\"elementor-widget-wrap elementor-element-populated\">\n\t\t\t\t\t\t<div class=\"elementor-element elementor-element-c5e83cd elementor-widget elementor-widget-text-editor\" data-id=\"c5e83cd\" data-element_type=\"widget\" data-widget_type=\"text-editor.default\">\n\t\t\t\t<div class=\"elementor-widget-container\">\n\t\t\t\t\t\t\t\t\t<p>Sobre nosotros? Somos una Agencia de Viajes Local en Costa Rica con todas las licencias requeridas para operar formalmente. Nuestro nombre comercial es Traveland, que significa una tierra hecha para viajar. Esperamos satisfacer sus necesidades mientras le prestamos nuestro servicio.<\/p>\t\t\t\t\t\t\t\t<\/div>\n\t\t\t\t<\/div>\n\t\t\t\t\t<\/div>\n\t\t<\/div>\n\t\t\t\t\t<\/div>\n\t\t<\/section>\n\t\t\t\t<section class=\"elementor-section elementor-top-section elementor-element elementor-element-6a83b50 elementor-section-boxed elementor-section-height-default elementor-section-height-default\" data-id=\"6a83b50\" data-element_type=\"section\">\n\t\t\t\t\t\t<div class=\"elementor-container elementor-column-gap-wider\">\n\t\t\t\t\t<div class=\"elementor-column elementor-col-50 elementor-top-column elementor-element elementor-element-3f6a2f2\" data-id=\"3f6a2f2\" data-element_type=\"column\">\n\t\t\t<div class=\"elementor-widget-wrap elementor-element-populated\">\n\t\t\t\t\t\t<div class=\"elementor-element elementor-element-c946d66 elementor-widget elementor-widget-heading\" data-id=\"c946d66\" data-element_type=\"widget\" data-widget_type=\"heading.default\">\n\t\t\t\t<div class=\"elementor-widget-container\">\n\t\t\t\t\t<h2 class=\"elementor-heading-title elementor-size-default\">Nuestra visi\u00f3n<\/h2>\t\t\t\t<\/div>\n\t\t\t\t<\/div>\n\t\t\t\t<div class=\"elementor-element elementor-element-5c7d616 elementor-widget elementor-widget-text-editor\" data-id=\"5c7d616\" data-element_type=\"widget\" data-widget_type=\"text-editor.default\">\n\t\t\t\t<div class=\"elementor-widget-container\">\n\t\t\t\t\t\t\t\t\t<p>Queremos convertirnos en la <strong>opci\u00f3n<\/strong> <strong>n\u00famero uno<\/strong> para cualquiera que desee viajar en Costa Rica. Creamos relaciones duraderas con nuestros usuarios, estableciendo normas y utilizando nuestros valores como forma de proporcionar eficazmente experiencias de calidad.<\/p>\t\t\t\t\t\t\t\t<\/div>\n\t\t\t\t<\/div>\n\t\t\t\t\t<\/div>\n\t\t<\/div>\n\t\t\t\t<div class=\"elementor-column elementor-col-50 elementor-top-column elementor-element elementor-element-63dffc6\" data-id=\"63dffc6\" data-element_type=\"column\">\n\t\t\t<div class=\"elementor-widget-wrap elementor-element-populated\">\n\t\t\t\t\t\t<div class=\"elementor-element elementor-element-9cd7ed4 elementor-widget elementor-widget-heading\" data-id=\"9cd7ed4\" data-element_type=\"widget\" data-widget_type=\"heading.default\">\n\t\t\t\t<div class=\"elementor-widget-container\">\n\t\t\t\t\t<h2 class=\"elementor-heading-title elementor-size-default\">Nuestra misi\u00f3n<\/h2>\t\t\t\t<\/div>\n\t\t\t\t<\/div>\n\t\t\t\t<div class=\"elementor-element elementor-element-35a40fe elementor-widget elementor-widget-text-editor\" data-id=\"35a40fe\" data-element_type=\"widget\" data-widget_type=\"text-editor.default\">\n\t\t\t\t<div class=\"elementor-widget-container\">\n\t\t\t\t\t\t\t\t\t<p>Proporcionamos servicios de viaje <strong>orientados<\/strong> al cliente a viajeros que desean disfrutar de Costa Rica. Nuestro servicio de atenci\u00f3n al cliente de alta calidad se encarga de cumplir las expectativas de cualquiera.<\/p>\t\t\t\t\t\t\t\t<\/div>\n\t\t\t\t<\/div>\n\t\t\t\t\t<\/div>\n\t\t<\/div>\n\t\t\t\t\t<\/div>\n\t\t<\/section>\n\t\t\t\t<section class=\"elementor-section elementor-top-section elementor-element elementor-element-3637c7f elementor-section-boxed elementor-section-height-default elementor-section-height-default\" data-id=\"3637c7f\" data-element_type=\"section\" data-settings=\"{&quot;background_background&quot;:&quot;classic&quot;,&quot;shape_divider_top&quot;:&quot;tilt&quot;}\">\n\t\t\t\t\t\t\t<div class=\"elementor-background-overlay\"><\/div>\n\t\t\t\t\t\t<div class=\"elementor-shape elementor-shape-top\" aria-hidden=\"true\" data-negative=\"false\">\n\t\t\t<svg xmlns=\"http:\/\/www.w3.org\/2000\/svg\" viewBox=\"0 0 1000 100\" preserveAspectRatio=\"none\">\n\t<path class=\"elementor-shape-fill\" d=\"M0,6V0h1000v100L0,6z\"\/>\n<\/svg>\t\t<\/div>\n\t\t\t\t\t<div class=\"elementor-container elementor-column-gap-default\">\n\t\t\t\t\t<div class=\"elementor-column elementor-col-100 elementor-top-column elementor-element elementor-element-ca89f74\" data-id=\"ca89f74\" data-element_type=\"column\">\n\t\t\t<div class=\"elementor-widget-wrap elementor-element-populated\">\n\t\t\t\t\t\t<div class=\"elementor-element elementor-element-c456ee7 elementor-widget elementor-widget-heading\" data-id=\"c456ee7\" data-element_type=\"widget\" data-widget_type=\"heading.default\">\n\t\t\t\t<div class=\"elementor-widget-container\">\n\t\t\t\t\t<h2 class=\"elementor-heading-title elementor-size-default\">DETR\u00c1S DE TRAVELAND COSTA RICA<\/h2>\t\t\t\t<\/div>\n\t\t\t\t<\/div>\n\t\t\t\t<section class=\"elementor-section elementor-inner-section elementor-element elementor-element-5cd8219 elementor-section-boxed elementor-section-height-default elementor-section-height-default\" data-id=\"5cd8219\" data-element_type=\"section\">\n\t\t\t\t\t\t<div class=\"elementor-container elementor-column-gap-wider\">\n\t\t\t\t\t<div class=\"elementor-column elementor-col-50 elementor-inner-column elementor-element elementor-element-57d3977\" data-id=\"57d3977\" data-element_type=\"column\">\n\t\t\t<div class=\"elementor-widget-wrap elementor-element-populated\">\n\t\t\t\t\t\t<div class=\"elementor-element elementor-element-a4d3a77 elementor-widget elementor-widget-image\" data-id=\"a4d3a77\" data-element_type=\"widget\" data-settings=\"{&quot;motion_fx_motion_fx_mouse&quot;:&quot;yes&quot;,&quot;motion_fx_mouseTrack_effect&quot;:&quot;yes&quot;,&quot;motion_fx_mouseTrack_speed&quot;:{&quot;unit&quot;:&quot;px&quot;,&quot;size&quot;:0.1000000000000000055511151231257827021181583404541015625,&quot;sizes&quot;:[]}}\" data-widget_type=\"image.default\">\n\t\t\t\t<div class=\"elementor-widget-container\">\n\t\t\t\t\t\t\t\t\t\t\t\t\t\t\t<img loading=\"lazy\" decoding=\"async\" loading=\"lazy\" width=\"800\" height=\"798\" src=\"https:\/\/costaricatraveland.com\/wp-content\/uploads\/2021\/11\/Screen-Shot-2021-11-18-at-15.09.08-1024x1021.png\" class=\"attachment-large size-large wp-image-980\" alt=\"Erick V.\" srcset=\"https:\/\/costaricatraveland.com\/wp-content\/uploads\/2021\/11\/Screen-Shot-2021-11-18-at-15.09.08-1024x1021.png 1024w, https:\/\/costaricatraveland.com\/wp-content\/uploads\/2021\/11\/Screen-Shot-2021-11-18-at-15.09.08-300x300.png 300w, https:\/\/costaricatraveland.com\/wp-content\/uploads\/2021\/11\/Screen-Shot-2021-11-18-at-15.09.08-150x150.png 150w, https:\/\/costaricatraveland.com\/wp-content\/uploads\/2021\/11\/Screen-Shot-2021-11-18-at-15.09.08-768x766.png 768w, https:\/\/costaricatraveland.com\/wp-content\/uploads\/2021\/11\/Screen-Shot-2021-11-18-at-15.09.08.png 1282w\" sizes=\"auto, (max-width: 800px) 100vw, 800px\" \/>\t\t\t\t\t\t\t\t\t\t\t\t\t\t\t<\/div>\n\t\t\t\t<\/div>\n\t\t\t\t<div class=\"elementor-element elementor-element-6748789 elementor-widget elementor-widget-text-editor\" data-id=\"6748789\" data-element_type=\"widget\" data-widget_type=\"text-editor.default\">\n\t\t\t\t<div class=\"elementor-widget-container\">\n\t\t\t\t\t\t\t\t\t<p style=\"text-align: center;\">Erick Vega Alvarado<\/p><p style=\"text-align: center;\">&#8211; Fundador &#8211;<\/p>\t\t\t\t\t\t\t\t<\/div>\n\t\t\t\t<\/div>\n\t\t\t\t\t<\/div>\n\t\t<\/div>\n\t\t\t\t<div class=\"elementor-column elementor-col-50 elementor-inner-column elementor-element elementor-element-7ea3b2e\" data-id=\"7ea3b2e\" data-element_type=\"column\" data-settings=\"{&quot;background_background&quot;:&quot;classic&quot;}\">\n\t\t\t<div class=\"elementor-widget-wrap elementor-element-populated\">\n\t\t\t\t\t\t<div class=\"elementor-element elementor-element-ca8ca21 elementor-widget elementor-widget-text-editor\" data-id=\"ca8ca21\" data-element_type=\"widget\" data-widget_type=\"text-editor.default\">\n\t\t\t\t<div class=\"elementor-widget-container\">\n\t\t\t\t\t\t\t\t\t<p data-start=\"76\" data-end=\"424\">Nativo, nacido y criado en Costa Rica, con formaci\u00f3n como gu\u00eda local del INA y bachiller universitario por ULACIT. Cuenta con m\u00e1s de 10 a\u00f1os de experiencia en el sector tur\u00edstico. Se caracteriza por ser din\u00e1mico, entusiasta y con una probada capacidad para ofrecer altos niveles de servicio y satisfacci\u00f3n al cliente. Domina el espa\u00f1ol y el ingl\u00e9s.<\/p><p data-start=\"426\" data-end=\"634\">Apasionado por la naturaleza, la aventura y la cultura, est\u00e1 acostumbrado a interactuar con viajeros, asegur\u00e1ndose de que disfruten su experiencia de manera segura y que todas sus expectativas sean cumplidas.<\/p><p data-start=\"636\" data-end=\"906\">Ha estado continuamente a cargo de la atenci\u00f3n y relaci\u00f3n con los hu\u00e9spedes, trabajando de forma directa con viajeros de todo el mundo, lo que le ha permitido adquirir una valiosa experiencia en la comprensi\u00f3n de sus necesidades y en el aprendizaje de diversas culturas.<\/p>\t\t\t\t\t\t\t\t<\/div>\n\t\t\t\t<\/div>\n\t\t\t\t\t<\/div>\n\t\t<\/div>\n\t\t\t\t\t<\/div>\n\t\t<\/section>\n\t\t\t\t\t<\/div>\n\t\t<\/div>\n\t\t\t\t\t<\/div>\n\t\t<\/section>\n\t\t\t\t<section class=\"elementor-section elementor-top-section elementor-element elementor-element-ad7f239 elementor-section-boxed elementor-section-height-default elementor-section-height-default\" data-id=\"ad7f239\" data-element_type=\"section\">\n\t\t\t\t\t\t<div class=\"elementor-container elementor-column-gap-wider\">\n\t\t\t\t\t<div class=\"elementor-column elementor-col-100 elementor-top-column elementor-element elementor-element-c70e70b\" data-id=\"c70e70b\" data-element_type=\"column\">\n\t\t\t<div class=\"elementor-widget-wrap elementor-element-populated\">\n\t\t\t\t\t\t<div class=\"elementor-element elementor-element-bfcba8f elementor-widget elementor-widget-heading\" data-id=\"bfcba8f\" data-element_type=\"widget\" data-widget_type=\"heading.default\">\n\t\t\t\t<div class=\"elementor-widget-container\">\n\t\t\t\t\t<h2 class=\"elementor-heading-title elementor-size-default\">Sobre nosotros - Somos una Agencia de Viajes Certificada<\/h2>\t\t\t\t<\/div>\n\t\t\t\t<\/div>\n\t\t\t\t<div class=\"elementor-element elementor-element-a0f168e elementor-widget elementor-widget-text-editor\" data-id=\"a0f168e\" data-element_type=\"widget\" data-widget_type=\"text-editor.default\">\n\t\t\t\t<div class=\"elementor-widget-container\">\n\t\t\t\t\t\t\t\t\t<p>Ser una Agencia de Viajes implica una gran responsabilidad. Desde nuestro inicio en 2021, hemos comprendido que la confianza es el principal valor que nuestros clientes depositan en nosotros, y tambi\u00e9n el m\u00e1s dif\u00edcil de ganar. Por eso, parte esencial de nuestro trabajo es demostrar compromiso y transparencia en cada proceso. Apostamos por la formalidad y la apertura, de modo que cualquier persona pueda corroborar nuestra legitimidad. Usted puede hacerlo de las siguientes maneras:<\/p><p><strong>Instituto Costarricense de Turismo ICT:<\/strong><\/p><p>Para obtener la Declaraci\u00f3n Tur\u00edstica \u2014como la que posee nuestra empresa\u2014 es necesario cumplir diversos requisitos, como contar con un local f\u00edsico (oficina), disponer del respectivo Permiso de Funcionamiento del Ministerio de Salud y la Patente Municipal. Adem\u00e1s, se debe mantener en regla los procedimientos t\u00e9cnicos y operativos, demostrando que el servicio al cliente es uno de los pilares fundamentales del negocio.<\/p><p data-start=\"1069\" data-end=\"1232\">En <strong data-start=\"1072\" data-end=\"1096\">Traveland Costa Rica<\/strong> encontrar\u00e1 un equipo comprometido, amigable y dispuesto a servirle como una plataforma confiable para reservar sus pr\u00f3ximas vacaciones.<\/p><p data-start=\"1234\" data-end=\"1395\">Puede corroborar nuestro perfil en la p\u00e1gina oficial del ICT: <a href=\"https:\/\/www.visitcostarica.com\/es\/costa-rica\/planning-your-trip\/local-agency\/traveland-costa-rica\">https:\/\/www.visitcostarica.com\/es\/costa-rica\/planning-your-trip\/local-agency\/traveland-costa-rica\u00a0<\/a><\/p><p><strong>Municipalidad de San Ram\u00f3n:<\/strong><\/p><p data-start=\"1438\" data-end=\"1754\">Nuestra oficina f\u00edsica se ubica en San Juan de San Ram\u00f3n de Alajuela. Como actividad econ\u00f3mica formal, contamos con la correspondiente Patente Comercial, la cual exige estar inscritos como contribuyentes en el Ministerio de Hacienda, encontrarse al d\u00eda con la CCSS y mantener vigente una p\u00f3liza de riesgos laborales.<\/p><p data-start=\"1756\" data-end=\"1960\">Puede consultar nuestro perfil en la p\u00e1gina oficial de la Municipalidad de San Ram\u00f3n:\u00a0<a href=\"https:\/\/sites.google.com\/sanramondigital.net\/sanramon\/agencias-y-transporte-tur%C3%ADstico?authuser=0#h.2fb4rq5r0ktl\">https:\/\/sites.google.com\/sanramondigital.net\/sanramon\/agencias-y-transporte-tur%C3%ADstico?authuser=0#h.2fb4rq5r0ktl<\/a><\/p>\t\t\t\t\t\t\t\t<\/div>\n\t\t\t\t<\/div>\n\t\t\t\t<div class=\"elementor-element elementor-element-45f9f94 elementor-widget elementor-widget-text-editor\" data-id=\"45f9f94\" data-element_type=\"widget\" data-widget_type=\"text-editor.default\">\n\t\t\t\t<div class=\"elementor-widget-container\">\n\t\t\t\t\t\t\t\t\t<p>En la actualidad, pr\u00e1cticamente todo se encuentra en internet. Por eso, ponemos a su disposici\u00f3n nuestro perfil empresarial en Google, donde puede verificar nuestra direcci\u00f3n, nuestros contactos oficiales y leer las opiniones que usuarios comparten constantemente sobre nuestro servicio: <a href=\"https:\/\/share.google\/BrbDM3D9oUqW5yk4U\">https:\/\/share.google\/BrbDM3D9oUqW5yk4U<\/a><\/p><p>A lo largo de nuestros cinco a\u00f1os de operaci\u00f3n continua, hemos logrado mantener un r\u00e9cord de calificaciones casi perfecto gracias a la calidad del servicio que brindamos mes a mes. Puede consultar comentarios y testimonios adicionales en el siguiente enlace: <a href=\"https:\/\/www.trustindex.io\/reviews\/costaricatraveland.com\">https:\/\/www.trustindex.io\/reviews\/costaricatraveland.com<\/a><\/p>\t\t\t\t\t\t\t\t<\/div>\n\t\t\t\t<\/div>\n\t\t\t\t<div class=\"elementor-element elementor-element-5c9692f elementor-widget elementor-widget-text-editor\" data-id=\"5c9692f\" data-element_type=\"widget\" data-widget_type=\"text-editor.default\">\n\t\t\t\t<div class=\"elementor-widget-container\">\n\t\t\t\t\t\t\t\t\t<p>Lo invitamos a realizar sus reservaciones a trav\u00e9s de nuestra agencia, apoyando as\u00ed el comercio local y fortaleciendo las alianzas empresariales que contribuyen al encadenamiento productivo y al crecimiento de la econom\u00eda nacional.<\/p>\t\t\t\t\t\t\t\t<\/div>\n\t\t\t\t<\/div>\n\t\t\t\t\t<\/div>\n\t\t<\/div>\n\t\t\t\t\t<\/div>\n\t\t<\/section>\n\t\t\t\t<section class=\"elementor-section elementor-top-section elementor-element elementor-element-c5c08ac elementor-section-full_width planyourtripcontainer elementor-section-height-min-height elementor-section-height-default elementor-section-items-middle\" data-id=\"c5c08ac\" data-element_type=\"section\" data-settings=\"{&quot;background_background&quot;:&quot;classic&quot;,&quot;shape_divider_top&quot;:&quot;opacity-tilt&quot;,&quot;shape_divider_bottom&quot;:&quot;opacity-tilt&quot;}\">\n\t\t\t\t\t<div class=\"elementor-shape elementor-shape-top\" aria-hidden=\"true\" data-negative=\"false\">\n\t\t\t<svg xmlns=\"http:\/\/www.w3.org\/2000\/svg\" viewBox=\"0 0 2600 131.1\" preserveAspectRatio=\"none\">\n\t<path class=\"elementor-shape-fill\" d=\"M0 0L2600 0 2600 69.1 0 0z\"\/>\n\t<path class=\"elementor-shape-fill\" style=\"opacity:0.5\" d=\"M0 0L2600 0 2600 69.1 0 69.1z\"\/>\n\t<path class=\"elementor-shape-fill\" style=\"opacity:0.25\" d=\"M2600 0L0 0 0 130.1 2600 69.1z\"\/>\n<\/svg>\t\t<\/div>\n\t\t\t\t<div class=\"elementor-shape elementor-shape-bottom\" aria-hidden=\"true\" data-negative=\"false\">\n\t\t\t<svg xmlns=\"http:\/\/www.w3.org\/2000\/svg\" viewBox=\"0 0 2600 131.1\" preserveAspectRatio=\"none\">\n\t<path class=\"elementor-shape-fill\" d=\"M0 0L2600 0 2600 69.1 0 0z\"\/>\n\t<path class=\"elementor-shape-fill\" style=\"opacity:0.5\" d=\"M0 0L2600 0 2600 69.1 0 69.1z\"\/>\n\t<path class=\"elementor-shape-fill\" style=\"opacity:0.25\" d=\"M2600 0L0 0 0 130.1 2600 69.1z\"\/>\n<\/svg>\t\t<\/div>\n\t\t\t\t\t<div class=\"elementor-container elementor-column-gap-default\">\n\t\t\t\t\t<div class=\"elementor-column elementor-col-100 elementor-top-column elementor-element elementor-element-e566ebb\" data-id=\"e566ebb\" data-element_type=\"column\">\n\t\t\t<div class=\"elementor-widget-wrap elementor-element-populated\">\n\t\t\t\t\t\t<div class=\"elementor-element elementor-element-7edfa40 elementor-cta--skin-cover elementor-bg-transform elementor-bg-transform-zoom-out elementor-animated-content elementor-widget elementor-widget-call-to-action\" data-id=\"7edfa40\" data-element_type=\"widget\" data-widget_type=\"call-to-action.default\">\n\t\t\t\t<div class=\"elementor-widget-container\">\n\t\t\t\t\t\t\t<div class=\"elementor-cta\">\n\t\t\t\t\t<div class=\"elementor-cta__bg-wrapper\">\n\t\t\t\t<div class=\"elementor-cta__bg elementor-bg\" style=\"background-image: url(https:\/\/costaricatraveland.com\/wp-content\/uploads\/2021\/09\/Surfing-at-Santa-Teresa-1536x954.jpg);\" role=\"img\" aria-label=\"Surfing-at-Santa-Teresa\"><\/div>\n\t\t\t\t<div class=\"elementor-cta__bg-overlay\"><\/div>\n\t\t\t<\/div>\n\t\t\t\t\t\t\t<div class=\"elementor-cta__content\">\n\t\t\t\t\n\t\t\t\t\t\t\t\t\t<h2 class=\"elementor-cta__title elementor-cta__content-item elementor-content-item elementor-animated-item--shrink\">\n\t\t\t\t\t\t\u00a1Planifique su viaje!\t\t\t\t\t<\/h2>\n\t\t\t\t\n\t\t\t\t\t\t\t\t\t<div class=\"elementor-cta__description elementor-cta__content-item elementor-content-item elementor-animated-item--shrink\">\n\t\t\t\t\t\tAhorre tiempo y dinero y aseg\u00farese de disfrutar al m\u00e1ximo de Costa Rica con nosotros.\t\t\t\t\t<\/div>\n\t\t\t\t\n\t\t\t\t\t\t\t\t\t<div class=\"elementor-cta__button-wrapper elementor-cta__content-item elementor-content-item elementor-animated-item--shrink\">\n\t\t\t\t\t<a class=\"elementor-cta__button elementor-button elementor-size-md\" href=\"https:\/\/costaricatraveland.com\/planifique-sus-vacaciones\/\">\n\t\t\t\t\t\t\u00a1Vamos!\t\t\t\t\t<\/a>\n\t\t\t\t\t<\/div>\n\t\t\t\t\t\t\t<\/div>\n\t\t\t\t\t\t<\/div>\n\t\t\t\t\t\t<\/div>\n\t\t\t\t<\/div>\n\t\t\t\t\t<\/div>\n\t\t<\/div>\n\t\t\t\t\t<\/div>\n\t\t<\/section>\n\t\t\t\t<\/div>\n\t\t","protected":false},"excerpt":{"rendered":"<p>Viajes Traveland es una agencia de viajes que se dedica a realizar reservaciones de servicios tur\u00edsticos en Costa Rica, una tierra para viajar. <\/p>\n","protected":false},"author":1,"featured_media":2455,"parent":0,"menu_order":0,"comment_status":"closed","ping_status":"closed","template":"","meta":{"nf_dc_page":"","inline_featured_image":false,"_joinchat":[],"footnotes":""},"class_list":["post-1387","page","type-page","status-publish","has-post-thumbnail","hentry"],"aioseo_notices":[],"_links":{"self":[{"href":"https:\/\/costaricatraveland.com\/es\/wp-json\/wp\/v2\/pages\/1387","targetHints":{"allow":["GET"]}}],"collection":[{"href":"https:\/\/costaricatraveland.com\/es\/wp-json\/wp\/v2\/pages"}],"about":[{"href":"https:\/\/costaricatraveland.com\/es\/wp-json\/wp\/v2\/types\/page"}],"author":[{"embeddable":true,"href":"https:\/\/costaricatraveland.com\/es\/wp-json\/wp\/v2\/users\/1"}],"replies":[{"embeddable":true,"href":"https:\/\/costaricatraveland.com\/es\/wp-json\/wp\/v2\/comments?post=1387"}],"version-history":[{"count":5,"href":"https:\/\/costaricatraveland.com\/es\/wp-json\/wp\/v2\/pages\/1387\/revisions"}],"predecessor-version":[{"id":12342,"href":"https:\/\/costaricatraveland.com\/es\/wp-json\/wp\/v2\/pages\/1387\/revisions\/12342"}],"wp:featuredmedia":[{"embeddable":true,"href":"https:\/\/costaricatraveland.com\/es\/wp-json\/wp\/v2\/media\/2455"}],"wp:attachment":[{"href":"https:\/\/costaricatraveland.com\/es\/wp-json\/wp\/v2\/media?parent=1387"}],"curies":[{"name":"wp","href":"https:\/\/api.w.org\/{rel}","templated":true}]}}